{"id":2310,"date":"2026-01-04T13:03:16","date_gmt":"2026-01-04T13:03:16","guid":{"rendered":"https:\/\/ventibeach.firmaproductie.nl\/venti-beach-zandvoort-beach-club-strandhaeuser-am-meer\/"},"modified":"2026-02-23T16:32:37","modified_gmt":"2026-02-23T16:32:37","slug":"venti-beach-zandvoort-beach-club-strandhaeuser-am-meer","status":"publish","type":"page","link":"https:\/\/ventibeach.nl\/de\/","title":{"rendered":"Venti Beach Zandvoort | Beach Club &amp; Strandh\u00e4user am Meer"},"content":{"rendered":"\t\t<div data-elementor-type=\"wp-page\" data-elementor-id=\"2310\" class=\"elementor elementor-2310 elementor-113\" data-elementor-post-type=\"page\">\n\t\t\t\t<div class=\"elementor-element elementor-element-cb49a50 e-con-full e-flex e-con e-parent\" data-id=\"cb49a50\" data-element_type=\"container\" data-e-type=\"container\">\n\t\t<div class=\"elementor-element elementor-element-4972c92 e-con-full e-flex e-con e-child\" data-id=\"4972c92\" data-element_type=\"container\" data-e-type=\"container\" data-settings=\"{&quot;background_background&quot;:&quot;classic&quot;}\">\n\t\t\t\t<div class=\"elementor-element elementor-element-978db01 elementor-widget elementor-widget-image\" data-id=\"978db01\" data-element_type=\"widget\" data-e-type=\"widget\" data-widget_type=\"image.default\">\n\t\t\t\t\t\t\t\t\t\t\t\t\t\t\t\t<a href=\"https:\/\/ventibeach.firmaproductie.nl\/de\/beach-houses\/\">\n\t\t\t\t\t\t\t<img fetchpriority=\"high\" decoding=\"async\" width=\"1600\" height=\"1066\" src=\"https:\/\/ventibeach.nl\/wp-content\/uploads\/2026\/01\/venti-beach-houses-1600.webp\" class=\"attachment-full size-full wp-image-2311\" alt=\"strandhuisjes aan zee\" srcset=\"https:\/\/ventibeach.nl\/wp-content\/uploads\/2026\/01\/venti-beach-houses-1600.webp 1600w, https:\/\/ventibeach.nl\/wp-content\/uploads\/2026\/01\/venti-beach-houses-1600-300x200.webp 300w, https:\/\/ventibeach.nl\/wp-content\/uploads\/2026\/01\/venti-beach-houses-1600-1024x682.webp 1024w, https:\/\/ventibeach.nl\/wp-content\/uploads\/2026\/01\/venti-beach-houses-1600-768x512.webp 768w, https:\/\/ventibeach.nl\/wp-content\/uploads\/2026\/01\/venti-beach-houses-1600-1536x1023.webp 1536w\" sizes=\"(max-width: 1600px) 100vw, 1600px\" \/>\t\t\t\t\t\t\t\t<\/a>\n\t\t\t\t\t\t\t\t\t\t\t\t\t\t\t<\/div>\n\t\t\t\t<div class=\"elementor-element elementor-element-de1524e elementor-absolute elementor-widget-mobile__width-initial elementor-widget elementor-widget-heading\" data-id=\"de1524e\" data-element_type=\"widget\" data-e-type=\"widget\" data-settings=\"{&quot;_position&quot;:&quot;absolute&quot;}\" data-widget_type=\"heading.default\">\n\t\t\t\t\t<h2 class=\"elementor-heading-title elementor-size-default\"><a href=\"https:\/\/ventibeach.firmaproductie.nl\/de\/beach-houses\/\">Beach Houses<\/a><\/h2>\t\t\t\t<\/div>\n\t\t\t\t<\/div>\n\t\t<div class=\"elementor-element elementor-element-6d4bfdd e-con-full e-flex e-con e-child\" data-id=\"6d4bfdd\" data-element_type=\"container\" data-e-type=\"container\" data-settings=\"{&quot;background_background&quot;:&quot;classic&quot;}\">\n\t\t\t\t<div class=\"elementor-element elementor-element-a30064a elementor-widget elementor-widget-image\" data-id=\"a30064a\" data-element_type=\"widget\" data-e-type=\"widget\" data-widget_type=\"image.default\">\n\t\t\t\t\t\t\t\t\t\t\t\t\t\t\t\t<a href=\"https:\/\/ventibeach.firmaproductie.nl\/de\/beach-club\/\">\n\t\t\t\t\t\t\t<img decoding=\"async\" width=\"1600\" height=\"1066\" src=\"https:\/\/ventibeach.nl\/wp-content\/uploads\/2026\/01\/Venti-Club-split-screen.webp\" class=\"attachment-full size-full wp-image-2313\" alt=\"Tafel en zithoek in club\" srcset=\"https:\/\/ventibeach.nl\/wp-content\/uploads\/2026\/01\/Venti-Club-split-screen.webp 1600w, https:\/\/ventibeach.nl\/wp-content\/uploads\/2026\/01\/Venti-Club-split-screen-300x200.webp 300w, https:\/\/ventibeach.nl\/wp-content\/uploads\/2026\/01\/Venti-Club-split-screen-1024x682.webp 1024w, https:\/\/ventibeach.nl\/wp-content\/uploads\/2026\/01\/Venti-Club-split-screen-768x512.webp 768w, https:\/\/ventibeach.nl\/wp-content\/uploads\/2026\/01\/Venti-Club-split-screen-1536x1023.webp 1536w\" sizes=\"(max-width: 1600px) 100vw, 1600px\" \/>\t\t\t\t\t\t\t\t<\/a>\n\t\t\t\t\t\t\t\t\t\t\t\t\t\t\t<\/div>\n\t\t\t\t<div class=\"elementor-element elementor-element-e235ba3 elementor-absolute elementor-widget-mobile__width-initial elementor-widget elementor-widget-heading\" data-id=\"e235ba3\" data-element_type=\"widget\" data-e-type=\"widget\" data-settings=\"{&quot;_position&quot;:&quot;absolute&quot;}\" data-widget_type=\"heading.default\">\n\t\t\t\t\t<h2 class=\"elementor-heading-title elementor-size-default\"><a href=\"https:\/\/ventibeach.firmaproductie.nl\/de\/beach-club\/\">Beach Club<\/a><\/h2>\t\t\t\t<\/div>\n\t\t\t\t<\/div>\n\t\t\t\t<\/div>\n\t\t<div class=\"elementor-element elementor-element-6b4f5a3 e-con-full e-flex e-con e-parent\" data-id=\"6b4f5a3\" data-element_type=\"container\" data-e-type=\"container\" data-settings=\"{&quot;background_background&quot;:&quot;classic&quot;}\">\n\t\t<div class=\"elementor-element elementor-element-e51e1ca e-con-full e-flex e-con e-child\" data-id=\"e51e1ca\" data-element_type=\"container\" data-e-type=\"container\">\n\t\t\t\t<div class=\"elementor-element elementor-element-2e6d5da elementor-widget elementor-widget-heading\" data-id=\"2e6d5da\" data-element_type=\"widget\" data-e-type=\"widget\" data-widget_type=\"heading.default\">\n\t\t\t\t\t<h2 class=\"elementor-heading-title elementor-size-default\">Strandh\u00e4user am Meer<\/h2>\t\t\t\t<\/div>\n\t\t\t\t<div class=\"elementor-element elementor-element-369d591 elementor-widget__width-initial elementor-widget elementor-widget-text-editor\" data-id=\"369d591\" data-element_type=\"widget\" data-e-type=\"widget\" data-widget_type=\"text-editor.default\">\n\t\t\t\t\t\t\t\t\tEntfliehe dem Alltag und \u00fcbernachte in unseren exklusiven Beach Houses, direkt am Meer.\t\t\t\t\t\t\t\t<\/div>\n\t\t\t\t<div class=\"elementor-element elementor-element-cebe51b elementor-align-left keuze-btn elementor-widget elementor-widget-button\" data-id=\"cebe51b\" data-element_type=\"widget\" data-e-type=\"widget\" data-widget_type=\"button.default\">\n\t\t\t\t\t\t\t\t\t\t<a class=\"elementor-button elementor-button-link elementor-size-sm\" href=\"https:\/\/ventibeach.firmaproductie.nl\/de\/beach-houses\/\">\n\t\t\t\t\t\t<span class=\"elementor-button-content-wrapper\">\n\t\t\t\t\t\t\t\t\t<span class=\"elementor-button-text\">H\u00e4uschen ansehen<\/span>\n\t\t\t\t\t<\/span>\n\t\t\t\t\t<\/a>\n\t\t\t\t\t\t\t\t<\/div>\n\t\t\t\t<\/div>\n\t\t<div class=\"elementor-element elementor-element-669efc1 e-con-full e-flex e-con e-child\" data-id=\"669efc1\" data-element_type=\"container\" data-e-type=\"container\">\n\t\t\t\t<div class=\"elementor-element elementor-element-8e0d7f2 elementor-widget elementor-widget-heading\" data-id=\"8e0d7f2\" data-element_type=\"widget\" data-e-type=\"widget\" data-widget_type=\"heading.default\">\n\t\t\t\t\t<h2 class=\"elementor-heading-title elementor-size-default\">Essen, Trinken und Events<\/h2>\t\t\t\t<\/div>\n\t\t\t\t<div class=\"elementor-element elementor-element-dd7ecbd elementor-widget__width-initial elementor-widget elementor-widget-text-editor\" data-id=\"dd7ecbd\" data-element_type=\"widget\" data-e-type=\"widget\" data-widget_type=\"text-editor.default\">\n\t\t\t\t\t\t\t\t\t<p>Bei Venti, einem Beach Club am Meer in Zandvoort, dreht sich alles um das ultimative Urlaubsgef\u00fchl.<\/p>\t\t\t\t\t\t\t\t<\/div>\n\t\t\t\t<div class=\"elementor-element elementor-element-e4bc475 elementor-align-left keuze-btn elementor-widget elementor-widget-button\" data-id=\"e4bc475\" data-element_type=\"widget\" data-e-type=\"widget\" data-widget_type=\"button.default\">\n\t\t\t\t\t\t\t\t\t\t<a class=\"elementor-button elementor-button-link elementor-size-sm\" href=\"https:\/\/ventibeach.firmaproductie.nl\/de\/beach-club\/\">\n\t\t\t\t\t\t<span class=\"elementor-button-content-wrapper\">\n\t\t\t\t\t\t\t\t\t<span class=\"elementor-button-text\">Club ansehen<\/span>\n\t\t\t\t\t<\/span>\n\t\t\t\t\t<\/a>\n\t\t\t\t\t\t\t\t<\/div>\n\t\t\t\t<\/div>\n\t\t\t\t<\/div>\n\t\t<div class=\"elementor-element elementor-element-2b07ca8 e-flex e-con-boxed e-con e-parent\" data-id=\"2b07ca8\" data-element_type=\"container\" data-e-type=\"container\" data-settings=\"{&quot;background_background&quot;:&quot;classic&quot;}\">\n\t\t\t\t\t<div class=\"e-con-inner\">\n\t\t\t\t<div class=\"elementor-element elementor-element-29bbc51 elementor-widget elementor-widget-heading\" data-id=\"29bbc51\" data-element_type=\"widget\" data-e-type=\"widget\" data-widget_type=\"heading.default\">\n\t\t\t\t\t<h1 class=\"elementor-heading-title elementor-size-default\">Beach Club und Strandh\u00e4user\nin Zandvoort<\/h1>\t\t\t\t<\/div>\n\t\t\t\t<div class=\"elementor-element elementor-element-7d4d947 elementor-widget__width-initial elementor-widget elementor-widget-text-editor\" data-id=\"7d4d947\" data-element_type=\"widget\" data-e-type=\"widget\" data-widget_type=\"text-editor.default\">\n\t\t\t\t\t\t\t\t\t<p>Bei Venti Beach kommen Strand, gutes Essen, Komfort und Gastfreundschaft zusammen. Tags\u00fcber ist unser Beach Club in Zandvoort der Ort, an dem du dich f\u00fcr mediterrane Gerichte, gute Weine und lange Tage am Meer niederl\u00e4sst. Wer das Strandgef\u00fchl verl\u00e4ngern m\u00f6chte, \u00fcbernachtet in unseren Beach Houses. Direkt am Meer, mit dem Rauschen der Wellen im Hintergrund und allem Komfort in Reichweite.<\/p>\t\t\t\t\t\t\t\t<\/div>\n\t\t\t\t\t<\/div>\n\t\t\t\t<\/div>\n\t\t\t\t<\/div>\n\t\t","protected":false},"excerpt":{"rendered":"<p>Beach Houses Beach Club Strandh\u00e4user am Meer Entfliehe dem Alltag und \u00fcbernachte in unseren exklusiven Beach Houses, direkt am Meer. H\u00e4uschen ansehen Essen, Trinken und Events Bei Venti, einem Beach Club am Meer in Zandvoort, dreht sich alles um das ultimative Urlaubsgef\u00fchl. Club ansehen Beach Club und Strandh\u00e4user in Zandvoort Bei Venti Beach kommen Strand, [&hellip;]<\/p>\n","protected":false},"author":2,"featured_media":0,"parent":0,"menu_order":0,"comment_status":"closed","ping_status":"closed","template":"","meta":{"footnotes":""},"class_list":["post-2310","page","type-page","status-publish","hentry"],"yoast_head":"<!-- This site is optimized with the Yoast SEO plugin v27.3 - https:\/\/yoast.com\/product\/yoast-seo-wordpress\/ -->\n<title>Venti Beach Zandvoort | Beach Club &amp; Strandh\u00e4user am Meer - Venti Beach Zandvoort<\/title>\n<meta name=\"description\" content=\"Genie\u00dfe bei Venti Beach in Zandvoort einen stilvollen Beach Club und luxuri\u00f6se Strandh\u00e4user am Meer. Perfekt zum Essen, Trinken und \u00dcbernachten.\" \/>\n<meta name=\"robots\" content=\"index, follow, max-snippet:-1, max-image-preview:large, max-video-preview:-1\" \/>\n<link rel=\"canonical\" href=\"https:\/\/ventibeach.nl\/de\/\" \/>\n<meta property=\"og:locale\" content=\"de_DE\" \/>\n<meta property=\"og:type\" content=\"article\" \/>\n<meta property=\"og:title\" content=\"Venti Beach Zandvoort | Beach Club &amp; Strandh\u00e4user am Meer - Venti Beach Zandvoort\" \/>\n<meta property=\"og:description\" content=\"Genie\u00dfe bei Venti Beach in Zandvoort einen stilvollen Beach Club und luxuri\u00f6se Strandh\u00e4user am Meer. Perfekt zum Essen, Trinken und \u00dcbernachten.\" \/>\n<meta property=\"og:url\" content=\"https:\/\/ventibeach.nl\/de\/\" \/>\n<meta property=\"og:site_name\" content=\"Venti Beach Zandvoort\" \/>\n<meta property=\"article:publisher\" content=\"https:\/\/www.facebook.com\/profile.php?id=61562720565207&amp;locale=nl_NL\" \/>\n<meta property=\"article:modified_time\" content=\"2026-02-23T16:32:37+00:00\" \/>\n<meta property=\"og:image\" content=\"https:\/\/ventibeach.nl\/wp-content\/uploads\/2026\/01\/venti-beach-houses-1600.webp\" \/>\n\t<meta property=\"og:image:width\" content=\"1600\" \/>\n\t<meta property=\"og:image:height\" content=\"1066\" \/>\n\t<meta property=\"og:image:type\" content=\"image\/webp\" \/>\n<meta name=\"twitter:card\" content=\"summary_large_image\" \/>\n<meta name=\"twitter:label1\" content=\"Gesch\u00e4tzte Lesezeit\" \/>\n\t<meta name=\"twitter:data1\" content=\"1\u00a0Minute\" \/>\n<script type=\"application\/ld+json\" class=\"yoast-schema-graph\">{\"@context\":\"https:\\\/\\\/schema.org\",\"@graph\":[{\"@type\":\"WebPage\",\"@id\":\"https:\\\/\\\/ventibeach.nl\\\/de\\\/\",\"url\":\"https:\\\/\\\/ventibeach.nl\\\/de\\\/\",\"name\":\"Venti Beach Zandvoort | Beach Club &amp; Strandh\u00e4user am Meer - Venti Beach Zandvoort\",\"isPartOf\":{\"@id\":\"https:\\\/\\\/ventibeach.nl\\\/de\\\/#website\"},\"primaryImageOfPage\":{\"@id\":\"https:\\\/\\\/ventibeach.nl\\\/de\\\/#primaryimage\"},\"image\":{\"@id\":\"https:\\\/\\\/ventibeach.nl\\\/de\\\/#primaryimage\"},\"thumbnailUrl\":\"https:\\\/\\\/ventibeach.nl\\\/wp-content\\\/uploads\\\/2026\\\/01\\\/venti-beach-houses-1600.webp\",\"datePublished\":\"2026-01-04T13:03:16+00:00\",\"dateModified\":\"2026-02-23T16:32:37+00:00\",\"description\":\"Genie\u00dfe bei Venti Beach in Zandvoort einen stilvollen Beach Club und luxuri\u00f6se Strandh\u00e4user am Meer. Perfekt zum Essen, Trinken und \u00dcbernachten.\",\"breadcrumb\":{\"@id\":\"https:\\\/\\\/ventibeach.nl\\\/de\\\/#breadcrumb\"},\"inLanguage\":\"de\",\"potentialAction\":[{\"@type\":\"ReadAction\",\"target\":[\"https:\\\/\\\/ventibeach.nl\\\/de\\\/\"]}]},{\"@type\":\"ImageObject\",\"inLanguage\":\"de\",\"@id\":\"https:\\\/\\\/ventibeach.nl\\\/de\\\/#primaryimage\",\"url\":\"https:\\\/\\\/ventibeach.nl\\\/wp-content\\\/uploads\\\/2026\\\/01\\\/venti-beach-houses-1600.webp\",\"contentUrl\":\"https:\\\/\\\/ventibeach.nl\\\/wp-content\\\/uploads\\\/2026\\\/01\\\/venti-beach-houses-1600.webp\"},{\"@type\":\"BreadcrumbList\",\"@id\":\"https:\\\/\\\/ventibeach.nl\\\/de\\\/#breadcrumb\",\"itemListElement\":[{\"@type\":\"ListItem\",\"position\":1,\"name\":\"Home\",\"item\":\"https:\\\/\\\/ventibeach.nl\\\/de\\\/venti-beach-zandvoort-beach-club-strandhaeuser-am-meer\\\/\"},{\"@type\":\"ListItem\",\"position\":2,\"name\":\"Venti Beach Zandvoort | Beach Club &amp; Strandh\u00e4user am Meer\"}]},{\"@type\":\"WebSite\",\"@id\":\"https:\\\/\\\/ventibeach.nl\\\/de\\\/#website\",\"url\":\"https:\\\/\\\/ventibeach.nl\\\/de\\\/\",\"name\":\"Venti Beach Zandvoort\",\"description\":\"\",\"publisher\":{\"@id\":\"https:\\\/\\\/ventibeach.nl\\\/de\\\/#organization\"},\"potentialAction\":[{\"@type\":\"SearchAction\",\"target\":{\"@type\":\"EntryPoint\",\"urlTemplate\":\"https:\\\/\\\/ventibeach.nl\\\/de\\\/?s={search_term_string}\"},\"query-input\":{\"@type\":\"PropertyValueSpecification\",\"valueRequired\":true,\"valueName\":\"search_term_string\"}}],\"inLanguage\":\"de\"},{\"@type\":\"Organization\",\"@id\":\"https:\\\/\\\/ventibeach.nl\\\/de\\\/#organization\",\"name\":\"Venti Strand Zandvoort\",\"url\":\"https:\\\/\\\/ventibeach.nl\\\/de\\\/\",\"logo\":{\"@type\":\"ImageObject\",\"inLanguage\":\"de\",\"@id\":\"https:\\\/\\\/ventibeach.nl\\\/de\\\/#\\\/schema\\\/logo\\\/image\\\/\",\"url\":\"https:\\\/\\\/ventibeach.nl\\\/wp-content\\\/uploads\\\/2026\\\/01\\\/logo-venti.svg\",\"contentUrl\":\"https:\\\/\\\/ventibeach.nl\\\/wp-content\\\/uploads\\\/2026\\\/01\\\/logo-venti.svg\",\"width\":493,\"height\":113,\"caption\":\"Venti Strand Zandvoort\"},\"image\":{\"@id\":\"https:\\\/\\\/ventibeach.nl\\\/de\\\/#\\\/schema\\\/logo\\\/image\\\/\"},\"sameAs\":[\"https:\\\/\\\/www.facebook.com\\\/profile.php?id=61562720565207&locale=nl_NL\",\"https:\\\/\\\/www.instagram.com\\\/ventibeach\\\/\",\"https:\\\/\\\/www.tiktok.com\\\/@ventibeach\",\"https:\\\/\\\/www.linkedin.com\\\/company\\\/venti-beach-huisjes\\\/\"]}]}<\/script>\n<!-- \/ Yoast SEO plugin. -->","yoast_head_json":{"title":"Venti Beach Zandvoort | Beach Club &amp; Strandh\u00e4user am Meer - Venti Beach Zandvoort","description":"Genie\u00dfe bei Venti Beach in Zandvoort einen stilvollen Beach Club und luxuri\u00f6se Strandh\u00e4user am Meer. Perfekt zum Essen, Trinken und \u00dcbernachten.","robots":{"index":"index","follow":"follow","max-snippet":"max-snippet:-1","max-image-preview":"max-image-preview:large","max-video-preview":"max-video-preview:-1"},"canonical":"https:\/\/ventibeach.nl\/de\/","og_locale":"de_DE","og_type":"article","og_title":"Venti Beach Zandvoort | Beach Club &amp; Strandh\u00e4user am Meer - Venti Beach Zandvoort","og_description":"Genie\u00dfe bei Venti Beach in Zandvoort einen stilvollen Beach Club und luxuri\u00f6se Strandh\u00e4user am Meer. Perfekt zum Essen, Trinken und \u00dcbernachten.","og_url":"https:\/\/ventibeach.nl\/de\/","og_site_name":"Venti Beach Zandvoort","article_publisher":"https:\/\/www.facebook.com\/profile.php?id=61562720565207&locale=nl_NL","article_modified_time":"2026-02-23T16:32:37+00:00","og_image":[{"width":1600,"height":1066,"url":"https:\/\/ventibeach.nl\/wp-content\/uploads\/2026\/01\/venti-beach-houses-1600.webp","type":"image\/webp"}],"twitter_card":"summary_large_image","twitter_misc":{"Gesch\u00e4tzte Lesezeit":"1\u00a0Minute"},"schema":{"@context":"https:\/\/schema.org","@graph":[{"@type":"WebPage","@id":"https:\/\/ventibeach.nl\/de\/","url":"https:\/\/ventibeach.nl\/de\/","name":"Venti Beach Zandvoort | Beach Club &amp; Strandh\u00e4user am Meer - Venti Beach Zandvoort","isPartOf":{"@id":"https:\/\/ventibeach.nl\/de\/#website"},"primaryImageOfPage":{"@id":"https:\/\/ventibeach.nl\/de\/#primaryimage"},"image":{"@id":"https:\/\/ventibeach.nl\/de\/#primaryimage"},"thumbnailUrl":"https:\/\/ventibeach.nl\/wp-content\/uploads\/2026\/01\/venti-beach-houses-1600.webp","datePublished":"2026-01-04T13:03:16+00:00","dateModified":"2026-02-23T16:32:37+00:00","description":"Genie\u00dfe bei Venti Beach in Zandvoort einen stilvollen Beach Club und luxuri\u00f6se Strandh\u00e4user am Meer. Perfekt zum Essen, Trinken und \u00dcbernachten.","breadcrumb":{"@id":"https:\/\/ventibeach.nl\/de\/#breadcrumb"},"inLanguage":"de","potentialAction":[{"@type":"ReadAction","target":["https:\/\/ventibeach.nl\/de\/"]}]},{"@type":"ImageObject","inLanguage":"de","@id":"https:\/\/ventibeach.nl\/de\/#primaryimage","url":"https:\/\/ventibeach.nl\/wp-content\/uploads\/2026\/01\/venti-beach-houses-1600.webp","contentUrl":"https:\/\/ventibeach.nl\/wp-content\/uploads\/2026\/01\/venti-beach-houses-1600.webp"},{"@type":"BreadcrumbList","@id":"https:\/\/ventibeach.nl\/de\/#breadcrumb","itemListElement":[{"@type":"ListItem","position":1,"name":"Home","item":"https:\/\/ventibeach.nl\/de\/venti-beach-zandvoort-beach-club-strandhaeuser-am-meer\/"},{"@type":"ListItem","position":2,"name":"Venti Beach Zandvoort | Beach Club &amp; Strandh\u00e4user am Meer"}]},{"@type":"WebSite","@id":"https:\/\/ventibeach.nl\/de\/#website","url":"https:\/\/ventibeach.nl\/de\/","name":"Venti Beach Zandvoort","description":"","publisher":{"@id":"https:\/\/ventibeach.nl\/de\/#organization"},"potentialAction":[{"@type":"SearchAction","target":{"@type":"EntryPoint","urlTemplate":"https:\/\/ventibeach.nl\/de\/?s={search_term_string}"},"query-input":{"@type":"PropertyValueSpecification","valueRequired":true,"valueName":"search_term_string"}}],"inLanguage":"de"},{"@type":"Organization","@id":"https:\/\/ventibeach.nl\/de\/#organization","name":"Venti Strand Zandvoort","url":"https:\/\/ventibeach.nl\/de\/","logo":{"@type":"ImageObject","inLanguage":"de","@id":"https:\/\/ventibeach.nl\/de\/#\/schema\/logo\/image\/","url":"https:\/\/ventibeach.nl\/wp-content\/uploads\/2026\/01\/logo-venti.svg","contentUrl":"https:\/\/ventibeach.nl\/wp-content\/uploads\/2026\/01\/logo-venti.svg","width":493,"height":113,"caption":"Venti Strand Zandvoort"},"image":{"@id":"https:\/\/ventibeach.nl\/de\/#\/schema\/logo\/image\/"},"sameAs":["https:\/\/www.facebook.com\/profile.php?id=61562720565207&locale=nl_NL","https:\/\/www.instagram.com\/ventibeach\/","https:\/\/www.tiktok.com\/@ventibeach","https:\/\/www.linkedin.com\/company\/venti-beach-huisjes\/"]}]}},"_links":{"self":[{"href":"https:\/\/ventibeach.nl\/de\/wp-json\/wp\/v2\/pages\/2310","targetHints":{"allow":["GET"]}}],"collection":[{"href":"https:\/\/ventibeach.nl\/de\/wp-json\/wp\/v2\/pages"}],"about":[{"href":"https:\/\/ventibeach.nl\/de\/wp-json\/wp\/v2\/types\/page"}],"author":[{"embeddable":true,"href":"https:\/\/ventibeach.nl\/de\/wp-json\/wp\/v2\/users\/2"}],"replies":[{"embeddable":true,"href":"https:\/\/ventibeach.nl\/de\/wp-json\/wp\/v2\/comments?post=2310"}],"version-history":[{"count":0,"href":"https:\/\/ventibeach.nl\/de\/wp-json\/wp\/v2\/pages\/2310\/revisions"}],"wp:attachment":[{"href":"https:\/\/ventibeach.nl\/de\/wp-json\/wp\/v2\/media?parent=2310"}],"curies":[{"name":"wp","href":"https:\/\/api.w.org\/{rel}","templated":true}]}}