{"id":2315,"date":"2026-02-15T08:33:20","date_gmt":"2026-02-15T08:33:20","guid":{"rendered":"https:\/\/ventibeach.firmaproductie.nl\/strandliegen\/"},"modified":"2026-02-23T15:56:37","modified_gmt":"2026-02-23T15:56:37","slug":"strandliegen","status":"publish","type":"page","link":"https:\/\/ventibeach.nl\/de\/strandliegen\/","title":{"rendered":"Strandliegen"},"content":{"rendered":"\t\t<div data-elementor-type=\"wp-page\" data-elementor-id=\"2315\" class=\"elementor elementor-2315 elementor-1323\" data-elementor-post-type=\"page\">\n\t\t\t\t<div class=\"elementor-element elementor-element-c5e7c8c e-flex e-con-boxed e-con e-parent\" data-id=\"c5e7c8c\" data-element_type=\"container\" data-e-type=\"container\" data-settings=\"{&quot;background_background&quot;:&quot;classic&quot;}\">\n\t\t\t\t\t<div class=\"e-con-inner\">\n\t\t<div class=\"elementor-element elementor-element-307f471c e-con-full e-flex e-con e-child\" data-id=\"307f471c\" data-element_type=\"container\" data-e-type=\"container\" data-settings=\"{&quot;background_background&quot;:&quot;classic&quot;}\">\n\t\t\t\t<div class=\"elementor-element elementor-element-1d60a749 elementor-widget elementor-widget-heading\" data-id=\"1d60a749\" data-element_type=\"widget\" data-e-type=\"widget\" data-widget_type=\"heading.default\">\n\t\t\t\t\t<h1 class=\"elementor-heading-title elementor-size-default\">Strandliegen<\/h1>\t\t\t\t<\/div>\n\t\t\t\t<\/div>\n\t\t\t\t\t<\/div>\n\t\t\t\t<\/div>\n\t\t<div class=\"elementor-element elementor-element-5be48068 e-flex e-con-boxed e-con e-parent\" data-id=\"5be48068\" data-element_type=\"container\" data-e-type=\"container\">\n\t\t\t\t\t<div class=\"e-con-inner\">\n\t\t<div class=\"elementor-element elementor-element-4783d547 e-con-full e-flex e-con e-child\" data-id=\"4783d547\" data-element_type=\"container\" data-e-type=\"container\">\n\t\t\t\t<div class=\"elementor-element elementor-element-57ee4bd8 elementor-absolute elementor-hidden-mobile elementor-widget elementor-widget-html\" data-id=\"57ee4bd8\" data-element_type=\"widget\" data-e-type=\"widget\" data-settings=\"{&quot;_position&quot;:&quot;absolute&quot;}\" data-widget_type=\"html.default\">\n\t\t\t\t\t<div class=\"oranje-underline\"><\/div>\t\t\t\t<\/div>\n\t\t\t\t<div class=\"elementor-element elementor-element-109dd20 elementor-widget elementor-widget-image\" data-id=\"109dd20\" data-element_type=\"widget\" data-e-type=\"widget\" data-widget_type=\"image.default\">\n\t\t\t\t\t\t\t\t\t\t\t\t\t\t\t<img fetchpriority=\"high\" decoding=\"async\" width=\"600\" height=\"800\" src=\"https:\/\/ventibeach.nl\/wp-content\/uploads\/2026\/02\/Venti-Beach-cocktail-champagne.webp\" class=\"attachment-large size-large wp-image-2317\" alt=\"cocktail en glas champagne\" srcset=\"https:\/\/ventibeach.nl\/wp-content\/uploads\/2026\/02\/Venti-Beach-cocktail-champagne.webp 600w, https:\/\/ventibeach.nl\/wp-content\/uploads\/2026\/02\/Venti-Beach-cocktail-champagne-225x300.webp 225w\" sizes=\"(max-width: 600px) 100vw, 600px\" \/>\t\t\t\t\t\t\t\t\t\t\t\t\t\t\t<\/div>\n\t\t\t\t<\/div>\n\t\t<div class=\"elementor-element elementor-element-43159be7 e-con-full e-flex e-con e-child\" data-id=\"43159be7\" data-element_type=\"container\" data-e-type=\"container\">\n\t\t\t\t<div class=\"elementor-element elementor-element-7541a428 elementor-widget__width-initial elementor-widget elementor-widget-text-editor\" data-id=\"7541a428\" data-element_type=\"widget\" data-e-type=\"widget\" data-widget_type=\"text-editor.default\">\n\t\t\t\t\t\t\t\t\t<p>Schaffe dir dein eigenes Pl\u00e4tzchen am Meer und genie\u00dfe sorglos die Sonne. Am Strand vermieten wir komfortable Strandliegen mit Auflagen und Sonnenschirmen f\u00fcr 15 \u20ac pro St\u00fcck sowie Windschutze f\u00fcr 5 \u20ac, damit du immer gesch\u00fctzt liegst und dich voll und ganz entspannen kannst.<\/p><p>M\u00f6chtest du das gewisse Extra? Dann entscheide dich f\u00fcr unsere luxuri\u00f6se Liegebox. Hier kommt der Service direkt zu dir. Von Fr\u00fchst\u00fcck, Mittag- und Abendessen bis hin zu einem erfrischenden Getr\u00e4nk oder Cocktail. Bleib einfach liegen, wir sorgen daf\u00fcr, dass dir alles gebracht wird. Diese luxuri\u00f6sen Strandliegen sind f\u00fcr 25 \u20ac pro St\u00fcck erh\u00e4ltlich.<\/p>\t\t\t\t\t\t\t\t<\/div>\n\t\t\t\t<\/div>\n\t\t<div class=\"elementor-element elementor-element-3318af76 e-con-full e-flex e-con e-child\" data-id=\"3318af76\" data-element_type=\"container\" data-e-type=\"container\">\n\t\t\t\t<div class=\"elementor-element elementor-element-677eb3ff elementor-absolute elementor-hidden-mobile elementor-widget elementor-widget-html\" data-id=\"677eb3ff\" data-element_type=\"widget\" data-e-type=\"widget\" data-settings=\"{&quot;_position&quot;:&quot;absolute&quot;}\" data-widget_type=\"html.default\">\n\t\t\t\t\t<div class=\"oranje-underline\"><\/div>\t\t\t\t<\/div>\n\t\t\t\t<div class=\"elementor-element elementor-element-520ed31 elementor-widget elementor-widget-image\" data-id=\"520ed31\" data-element_type=\"widget\" data-e-type=\"widget\" data-widget_type=\"image.default\">\n\t\t\t\t\t\t\t\t\t\t\t\t\t\t\t<img decoding=\"async\" width=\"600\" height=\"800\" src=\"https:\/\/ventibeach.nl\/wp-content\/uploads\/2026\/01\/Venti-Beach-strand-bedje.webp\" class=\"attachment-large size-large wp-image-2318\" alt=\"vrouw ligt op strandbedje naar zee te kijken\" srcset=\"https:\/\/ventibeach.nl\/wp-content\/uploads\/2026\/01\/Venti-Beach-strand-bedje.webp 600w, https:\/\/ventibeach.nl\/wp-content\/uploads\/2026\/01\/Venti-Beach-strand-bedje-225x300.webp 225w\" sizes=\"(max-width: 600px) 100vw, 600px\" \/>\t\t\t\t\t\t\t\t\t\t\t\t\t\t\t<\/div>\n\t\t\t\t<\/div>\n\t\t\t\t\t<\/div>\n\t\t\t\t<\/div>\n\t\t<div class=\"elementor-element elementor-element-5ddb7e8f e-flex e-con-boxed e-con e-parent\" data-id=\"5ddb7e8f\" data-element_type=\"container\" data-e-type=\"container\" data-settings=\"{&quot;background_background&quot;:&quot;classic&quot;}\">\n\t\t\t\t\t<div class=\"e-con-inner\">\n\t\t<div class=\"elementor-element elementor-element-73af6fba e-con-full e-flex e-con e-child\" data-id=\"73af6fba\" data-element_type=\"container\" data-e-type=\"container\" data-settings=\"{&quot;background_background&quot;:&quot;classic&quot;}\">\n\t\t\t\t<div class=\"elementor-element elementor-element-666a48e1 elementor-widget elementor-widget-heading\" data-id=\"666a48e1\" data-element_type=\"widget\" data-e-type=\"widget\" data-widget_type=\"heading.default\">\n\t\t\t\t\t<h2 class=\"elementor-heading-title elementor-size-default\">Saisonliegen<\/h2>\t\t\t\t<\/div>\n\t\t\t\t<div class=\"elementor-element elementor-element-361e3f37 elementor-widget elementor-widget-text-editor\" data-id=\"361e3f37\" data-element_type=\"widget\" data-e-type=\"widget\" data-widget_type=\"text-editor.default\">\n\t\t\t\t\t\t\t\t\t<p>F\u00fcr G\u00e4ste, die sich den ganzen Sommer \u00fcber ihren festen Platz sichern m\u00f6chten, bieten wir auch eine Saisonmiete an. Sowohl die regul\u00e4ren Strandliegen als auch die luxuri\u00f6sen Liegeboxen k\u00f6nnen pro Saison zum Festpreis reserviert werden.<\/p><p>Strandliegen 150,\u2013<br>Luxus-Liegeboxen 250,\u2013<\/p><p>Bedingungen f\u00fcr Saisonliegen:<\/p><ul><li>Die Liegen werden bis 11:00 Uhr freigehalten, danach k\u00f6nnen sie anderweitig vergeben werden.<\/li><li>Luxus-Liegeboxen m\u00fcssen vorab telefonisch reserviert werden.<\/li><li>Saisonkarten sind personengebunden und nicht \u00fcbertragbar.<\/li><\/ul>\t\t\t\t\t\t\t\t<\/div>\n\t\t\t\t<div class=\"elementor-element elementor-element-3caf1bb5 elementor-align-left elementor-widget elementor-widget-button\" data-id=\"3caf1bb5\" data-element_type=\"widget\" data-e-type=\"widget\" data-widget_type=\"button.default\">\n\t\t\t\t\t\t\t\t\t\t<a class=\"elementor-button elementor-button-link elementor-size-sm\" href=\"#\">\n\t\t\t\t\t\t<span class=\"elementor-button-content-wrapper\">\n\t\t\t\t\t\t\t\t\t<span class=\"elementor-button-text\">Kontakt<\/span>\n\t\t\t\t\t<\/span>\n\t\t\t\t\t<\/a>\n\t\t\t\t\t\t\t\t<\/div>\n\t\t\t\t<\/div>\n\t\t<div class=\"elementor-element elementor-element-7024437c e-con-full e-flex e-con e-child\" data-id=\"7024437c\" data-element_type=\"container\" data-e-type=\"container\">\n\t\t\t\t<div class=\"elementor-element elementor-element-308157bb elementor-widget elementor-widget-image\" data-id=\"308157bb\" data-element_type=\"widget\" data-e-type=\"widget\" data-widget_type=\"image.default\">\n\t\t\t\t\t\t\t\t\t\t\t\t\t\t\t<img decoding=\"async\" width=\"800\" height=\"600\" src=\"https:\/\/ventibeach.nl\/wp-content\/uploads\/2026\/02\/Venti-Beach-ligbedjes-met-parasol-en-tafeltje.webp\" class=\"attachment-large size-large wp-image-2316\" alt=\"strandbedjes met parasol en tafeltje\" srcset=\"https:\/\/ventibeach.nl\/wp-content\/uploads\/2026\/02\/Venti-Beach-ligbedjes-met-parasol-en-tafeltje.webp 800w, https:\/\/ventibeach.nl\/wp-content\/uploads\/2026\/02\/Venti-Beach-ligbedjes-met-parasol-en-tafeltje-300x225.webp 300w, https:\/\/ventibeach.nl\/wp-content\/uploads\/2026\/02\/Venti-Beach-ligbedjes-met-parasol-en-tafeltje-768x576.webp 768w\" sizes=\"(max-width: 800px) 100vw, 800px\" \/>\t\t\t\t\t\t\t\t\t\t\t\t\t\t\t<\/div>\n\t\t\t\t<\/div>\n\t\t\t\t\t<\/div>\n\t\t\t\t<\/div>\n\t\t\t\t<\/div>\n\t\t","protected":false},"excerpt":{"rendered":"<p>Schaffe dir dein eigenes Pl\u00e4tzchen am Meer und genie\u00dfe sorglos die Sonne. Am Strand vermieten wir komfortable Strandliegen mit Auflagen und Sonnenschirmen f\u00fcr 15 \u20ac pro St\u00fcck sowie Windschutze f\u00fcr 5 \u20ac, damit du immer gesch\u00fctzt liegst und dich voll und ganz entspannen kannst. M\u00f6chtest du das gewisse Extra? Dann entscheide dich f\u00fcr unsere luxuri\u00f6se [&hellip;]<\/p>\n","protected":false},"author":2,"featured_media":0,"parent":0,"menu_order":0,"comment_status":"closed","ping_status":"closed","template":"","meta":{"footnotes":""},"class_list":["post-2315","page","type-page","status-publish","hentry"],"yoast_head":"<!-- This site is optimized with the Yoast SEO plugin v27.3 - https:\/\/yoast.com\/product\/yoast-seo-wordpress\/ -->\n<title>Strandliegen mieten Zandvoort | Venti Beach Club<\/title>\n<meta name=\"description\" content=\"Miete komfortable Strandliegen in Zandvoort im Venti Beach Club. Reserviere ganz einfach und genie\u00dfe entspannt Sonne, Meer und Service.\" \/>\n<meta name=\"robots\" content=\"index, follow, max-snippet:-1, max-image-preview:large, max-video-preview:-1\" \/>\n<link rel=\"canonical\" href=\"https:\/\/ventibeach.nl\/de\/strandliegen\/\" \/>\n<meta property=\"og:locale\" content=\"de_DE\" \/>\n<meta property=\"og:type\" content=\"article\" \/>\n<meta property=\"og:title\" content=\"Strandliegen mieten Zandvoort | Venti Beach Club\" \/>\n<meta property=\"og:description\" content=\"Miete komfortable Strandliegen in Zandvoort im Venti Beach Club. Reserviere ganz einfach und genie\u00dfe entspannt Sonne, Meer und Service.\" \/>\n<meta property=\"og:url\" content=\"https:\/\/ventibeach.nl\/de\/strandliegen\/\" \/>\n<meta property=\"og:site_name\" content=\"Venti Beach Zandvoort\" \/>\n<meta property=\"article:publisher\" content=\"https:\/\/www.facebook.com\/profile.php?id=61562720565207&amp;locale=nl_NL\" \/>\n<meta property=\"article:modified_time\" content=\"2026-02-23T15:56:37+00:00\" \/>\n<meta property=\"og:image\" content=\"https:\/\/ventibeach.nl\/wp-content\/uploads\/2026\/02\/Venti-Beach-cocktail-champagne.webp\" \/>\n\t<meta property=\"og:image:width\" content=\"600\" \/>\n\t<meta property=\"og:image:height\" content=\"800\" \/>\n\t<meta property=\"og:image:type\" content=\"image\/webp\" \/>\n<meta name=\"twitter:card\" content=\"summary_large_image\" \/>\n<meta name=\"twitter:label1\" content=\"Gesch\u00e4tzte Lesezeit\" \/>\n\t<meta name=\"twitter:data1\" content=\"1\u00a0Minute\" \/>\n<script type=\"application\/ld+json\" class=\"yoast-schema-graph\">{\"@context\":\"https:\\\/\\\/schema.org\",\"@graph\":[{\"@type\":\"WebPage\",\"@id\":\"https:\\\/\\\/ventibeach.nl\\\/de\\\/strandliegen\\\/\",\"url\":\"https:\\\/\\\/ventibeach.nl\\\/de\\\/strandliegen\\\/\",\"name\":\"Strandliegen mieten Zandvoort | Venti Beach Club\",\"isPartOf\":{\"@id\":\"https:\\\/\\\/ventibeach.nl\\\/de\\\/#website\"},\"primaryImageOfPage\":{\"@id\":\"https:\\\/\\\/ventibeach.nl\\\/de\\\/strandliegen\\\/#primaryimage\"},\"image\":{\"@id\":\"https:\\\/\\\/ventibeach.nl\\\/de\\\/strandliegen\\\/#primaryimage\"},\"thumbnailUrl\":\"https:\\\/\\\/ventibeach.nl\\\/wp-content\\\/uploads\\\/2026\\\/02\\\/Venti-Beach-cocktail-champagne.webp\",\"datePublished\":\"2026-02-15T08:33:20+00:00\",\"dateModified\":\"2026-02-23T15:56:37+00:00\",\"description\":\"Miete komfortable Strandliegen in Zandvoort im Venti Beach Club. Reserviere ganz einfach und genie\u00dfe entspannt Sonne, Meer und Service.\",\"breadcrumb\":{\"@id\":\"https:\\\/\\\/ventibeach.nl\\\/de\\\/strandliegen\\\/#breadcrumb\"},\"inLanguage\":\"de\",\"potentialAction\":[{\"@type\":\"ReadAction\",\"target\":[\"https:\\\/\\\/ventibeach.nl\\\/de\\\/strandliegen\\\/\"]}]},{\"@type\":\"ImageObject\",\"inLanguage\":\"de\",\"@id\":\"https:\\\/\\\/ventibeach.nl\\\/de\\\/strandliegen\\\/#primaryimage\",\"url\":\"https:\\\/\\\/ventibeach.nl\\\/wp-content\\\/uploads\\\/2026\\\/02\\\/Venti-Beach-cocktail-champagne.webp\",\"contentUrl\":\"https:\\\/\\\/ventibeach.nl\\\/wp-content\\\/uploads\\\/2026\\\/02\\\/Venti-Beach-cocktail-champagne.webp\"},{\"@type\":\"BreadcrumbList\",\"@id\":\"https:\\\/\\\/ventibeach.nl\\\/de\\\/strandliegen\\\/#breadcrumb\",\"itemListElement\":[{\"@type\":\"ListItem\",\"position\":1,\"name\":\"Home\",\"item\":\"https:\\\/\\\/ventibeach.nl\\\/de\\\/venti-beach-zandvoort-beach-club-strandhaeuser-am-meer\\\/\"},{\"@type\":\"ListItem\",\"position\":2,\"name\":\"Strandliegen\"}]},{\"@type\":\"WebSite\",\"@id\":\"https:\\\/\\\/ventibeach.nl\\\/de\\\/#website\",\"url\":\"https:\\\/\\\/ventibeach.nl\\\/de\\\/\",\"name\":\"Venti Beach Zandvoort\",\"description\":\"\",\"publisher\":{\"@id\":\"https:\\\/\\\/ventibeach.nl\\\/de\\\/#organization\"},\"potentialAction\":[{\"@type\":\"SearchAction\",\"target\":{\"@type\":\"EntryPoint\",\"urlTemplate\":\"https:\\\/\\\/ventibeach.nl\\\/de\\\/?s={search_term_string}\"},\"query-input\":{\"@type\":\"PropertyValueSpecification\",\"valueRequired\":true,\"valueName\":\"search_term_string\"}}],\"inLanguage\":\"de\"},{\"@type\":\"Organization\",\"@id\":\"https:\\\/\\\/ventibeach.nl\\\/de\\\/#organization\",\"name\":\"Venti Strand Zandvoort\",\"url\":\"https:\\\/\\\/ventibeach.nl\\\/de\\\/\",\"logo\":{\"@type\":\"ImageObject\",\"inLanguage\":\"de\",\"@id\":\"https:\\\/\\\/ventibeach.nl\\\/de\\\/#\\\/schema\\\/logo\\\/image\\\/\",\"url\":\"https:\\\/\\\/ventibeach.nl\\\/wp-content\\\/uploads\\\/2026\\\/01\\\/logo-venti.svg\",\"contentUrl\":\"https:\\\/\\\/ventibeach.nl\\\/wp-content\\\/uploads\\\/2026\\\/01\\\/logo-venti.svg\",\"width\":493,\"height\":113,\"caption\":\"Venti Strand Zandvoort\"},\"image\":{\"@id\":\"https:\\\/\\\/ventibeach.nl\\\/de\\\/#\\\/schema\\\/logo\\\/image\\\/\"},\"sameAs\":[\"https:\\\/\\\/www.facebook.com\\\/profile.php?id=61562720565207&locale=nl_NL\",\"https:\\\/\\\/www.instagram.com\\\/ventibeach\\\/\",\"https:\\\/\\\/www.tiktok.com\\\/@ventibeach\",\"https:\\\/\\\/www.linkedin.com\\\/company\\\/venti-beach-huisjes\\\/\"]}]}<\/script>\n<!-- \/ Yoast SEO plugin. -->","yoast_head_json":{"title":"Strandliegen mieten Zandvoort | Venti Beach Club","description":"Miete komfortable Strandliegen in Zandvoort im Venti Beach Club. Reserviere ganz einfach und genie\u00dfe entspannt Sonne, Meer und Service.","robots":{"index":"index","follow":"follow","max-snippet":"max-snippet:-1","max-image-preview":"max-image-preview:large","max-video-preview":"max-video-preview:-1"},"canonical":"https:\/\/ventibeach.nl\/de\/strandliegen\/","og_locale":"de_DE","og_type":"article","og_title":"Strandliegen mieten Zandvoort | Venti Beach Club","og_description":"Miete komfortable Strandliegen in Zandvoort im Venti Beach Club. Reserviere ganz einfach und genie\u00dfe entspannt Sonne, Meer und Service.","og_url":"https:\/\/ventibeach.nl\/de\/strandliegen\/","og_site_name":"Venti Beach Zandvoort","article_publisher":"https:\/\/www.facebook.com\/profile.php?id=61562720565207&locale=nl_NL","article_modified_time":"2026-02-23T15:56:37+00:00","og_image":[{"width":600,"height":800,"url":"https:\/\/ventibeach.nl\/wp-content\/uploads\/2026\/02\/Venti-Beach-cocktail-champagne.webp","type":"image\/webp"}],"twitter_card":"summary_large_image","twitter_misc":{"Gesch\u00e4tzte Lesezeit":"1\u00a0Minute"},"schema":{"@context":"https:\/\/schema.org","@graph":[{"@type":"WebPage","@id":"https:\/\/ventibeach.nl\/de\/strandliegen\/","url":"https:\/\/ventibeach.nl\/de\/strandliegen\/","name":"Strandliegen mieten Zandvoort | Venti Beach Club","isPartOf":{"@id":"https:\/\/ventibeach.nl\/de\/#website"},"primaryImageOfPage":{"@id":"https:\/\/ventibeach.nl\/de\/strandliegen\/#primaryimage"},"image":{"@id":"https:\/\/ventibeach.nl\/de\/strandliegen\/#primaryimage"},"thumbnailUrl":"https:\/\/ventibeach.nl\/wp-content\/uploads\/2026\/02\/Venti-Beach-cocktail-champagne.webp","datePublished":"2026-02-15T08:33:20+00:00","dateModified":"2026-02-23T15:56:37+00:00","description":"Miete komfortable Strandliegen in Zandvoort im Venti Beach Club. Reserviere ganz einfach und genie\u00dfe entspannt Sonne, Meer und Service.","breadcrumb":{"@id":"https:\/\/ventibeach.nl\/de\/strandliegen\/#breadcrumb"},"inLanguage":"de","potentialAction":[{"@type":"ReadAction","target":["https:\/\/ventibeach.nl\/de\/strandliegen\/"]}]},{"@type":"ImageObject","inLanguage":"de","@id":"https:\/\/ventibeach.nl\/de\/strandliegen\/#primaryimage","url":"https:\/\/ventibeach.nl\/wp-content\/uploads\/2026\/02\/Venti-Beach-cocktail-champagne.webp","contentUrl":"https:\/\/ventibeach.nl\/wp-content\/uploads\/2026\/02\/Venti-Beach-cocktail-champagne.webp"},{"@type":"BreadcrumbList","@id":"https:\/\/ventibeach.nl\/de\/strandliegen\/#breadcrumb","itemListElement":[{"@type":"ListItem","position":1,"name":"Home","item":"https:\/\/ventibeach.nl\/de\/venti-beach-zandvoort-beach-club-strandhaeuser-am-meer\/"},{"@type":"ListItem","position":2,"name":"Strandliegen"}]},{"@type":"WebSite","@id":"https:\/\/ventibeach.nl\/de\/#website","url":"https:\/\/ventibeach.nl\/de\/","name":"Venti Beach Zandvoort","description":"","publisher":{"@id":"https:\/\/ventibeach.nl\/de\/#organization"},"potentialAction":[{"@type":"SearchAction","target":{"@type":"EntryPoint","urlTemplate":"https:\/\/ventibeach.nl\/de\/?s={search_term_string}"},"query-input":{"@type":"PropertyValueSpecification","valueRequired":true,"valueName":"search_term_string"}}],"inLanguage":"de"},{"@type":"Organization","@id":"https:\/\/ventibeach.nl\/de\/#organization","name":"Venti Strand Zandvoort","url":"https:\/\/ventibeach.nl\/de\/","logo":{"@type":"ImageObject","inLanguage":"de","@id":"https:\/\/ventibeach.nl\/de\/#\/schema\/logo\/image\/","url":"https:\/\/ventibeach.nl\/wp-content\/uploads\/2026\/01\/logo-venti.svg","contentUrl":"https:\/\/ventibeach.nl\/wp-content\/uploads\/2026\/01\/logo-venti.svg","width":493,"height":113,"caption":"Venti Strand Zandvoort"},"image":{"@id":"https:\/\/ventibeach.nl\/de\/#\/schema\/logo\/image\/"},"sameAs":["https:\/\/www.facebook.com\/profile.php?id=61562720565207&locale=nl_NL","https:\/\/www.instagram.com\/ventibeach\/","https:\/\/www.tiktok.com\/@ventibeach","https:\/\/www.linkedin.com\/company\/venti-beach-huisjes\/"]}]}},"_links":{"self":[{"href":"https:\/\/ventibeach.nl\/de\/wp-json\/wp\/v2\/pages\/2315","targetHints":{"allow":["GET"]}}],"collection":[{"href":"https:\/\/ventibeach.nl\/de\/wp-json\/wp\/v2\/pages"}],"about":[{"href":"https:\/\/ventibeach.nl\/de\/wp-json\/wp\/v2\/types\/page"}],"author":[{"embeddable":true,"href":"https:\/\/ventibeach.nl\/de\/wp-json\/wp\/v2\/users\/2"}],"replies":[{"embeddable":true,"href":"https:\/\/ventibeach.nl\/de\/wp-json\/wp\/v2\/comments?post=2315"}],"version-history":[{"count":0,"href":"https:\/\/ventibeach.nl\/de\/wp-json\/wp\/v2\/pages\/2315\/revisions"}],"wp:attachment":[{"href":"https:\/\/ventibeach.nl\/de\/wp-json\/wp\/v2\/media?parent=2315"}],"curies":[{"name":"wp","href":"https:\/\/api.w.org\/{rel}","templated":true}]}}