{"id":2371,"date":"2026-02-14T16:47:39","date_gmt":"2026-02-14T16:47:39","guid":{"rendered":"https:\/\/ventibeach.firmaproductie.nl\/arbeiten-bei\/"},"modified":"2026-02-23T16:10:46","modified_gmt":"2026-02-23T16:10:46","slug":"arbeiten-bei","status":"publish","type":"page","link":"https:\/\/ventibeach.nl\/de\/arbeiten-bei\/","title":{"rendered":"Arbeiten bei"},"content":{"rendered":"\t\t<div data-elementor-type=\"wp-page\" data-elementor-id=\"2371\" class=\"elementor elementor-2371 elementor-1302\" data-elementor-post-type=\"page\">\n\t\t\t\t<div class=\"elementor-element elementor-element-355f9667 e-flex e-con-boxed e-con e-parent\" data-id=\"355f9667\" data-element_type=\"container\" data-e-type=\"container\" data-settings=\"{&quot;background_background&quot;:&quot;classic&quot;}\">\n\t\t\t\t\t<div class=\"e-con-inner\">\n\t\t<div class=\"elementor-element elementor-element-5bdad13 e-con-full e-flex e-con e-child\" data-id=\"5bdad13\" data-element_type=\"container\" data-e-type=\"container\" data-settings=\"{&quot;background_background&quot;:&quot;classic&quot;}\">\n\t\t\t\t<div class=\"elementor-element elementor-element-5282824e elementor-widget elementor-widget-heading\" data-id=\"5282824e\" data-element_type=\"widget\" data-e-type=\"widget\" data-widget_type=\"heading.default\">\n\t\t\t\t\t<h1 class=\"elementor-heading-title elementor-size-default\">Arbeiten bei<\/h1>\t\t\t\t<\/div>\n\t\t\t\t<\/div>\n\t\t\t\t\t<\/div>\n\t\t\t\t<\/div>\n\t\t<div class=\"elementor-element elementor-element-2604df59 e-flex e-con-boxed e-con e-parent\" data-id=\"2604df59\" data-element_type=\"container\" data-e-type=\"container\">\n\t\t\t\t\t<div class=\"e-con-inner\">\n\t\t<div class=\"elementor-element elementor-element-4fa37c58 e-con-full e-flex e-con e-child\" data-id=\"4fa37c58\" data-element_type=\"container\" data-e-type=\"container\">\n\t\t\t\t<div class=\"elementor-element elementor-element-44170b85 elementor-absolute elementor-hidden-mobile elementor-widget elementor-widget-html\" data-id=\"44170b85\" data-element_type=\"widget\" data-e-type=\"widget\" data-settings=\"{&quot;_position&quot;:&quot;absolute&quot;}\" data-widget_type=\"html.default\">\n\t\t\t\t\t<div class=\"oranje-underline\"><\/div>\t\t\t\t<\/div>\n\t\t\t\t<div class=\"elementor-element elementor-element-9bff243 elementor-widget elementor-widget-image\" data-id=\"9bff243\" data-element_type=\"widget\" data-e-type=\"widget\" data-widget_type=\"image.default\">\n\t\t\t\t\t\t\t\t\t\t\t\t\t\t\t<img fetchpriority=\"high\" decoding=\"async\" width=\"600\" height=\"800\" src=\"https:\/\/ventibeach.nl\/wp-content\/uploads\/2026\/02\/Venti-Beach-werken-chef-bbq.webp\" class=\"attachment-large size-large wp-image-2372\" alt=\"barbecue master\" srcset=\"https:\/\/ventibeach.nl\/wp-content\/uploads\/2026\/02\/Venti-Beach-werken-chef-bbq.webp 600w, https:\/\/ventibeach.nl\/wp-content\/uploads\/2026\/02\/Venti-Beach-werken-chef-bbq-225x300.webp 225w\" sizes=\"(max-width: 600px) 100vw, 600px\" \/>\t\t\t\t\t\t\t\t\t\t\t\t\t\t\t<\/div>\n\t\t\t\t<\/div>\n\t\t<div class=\"elementor-element elementor-element-6d11aa0d e-con-full e-flex e-con e-child\" data-id=\"6d11aa0d\" data-element_type=\"container\" data-e-type=\"container\">\n\t\t\t\t<div class=\"elementor-element elementor-element-18634ce6 elementor-widget__width-initial elementor-widget elementor-widget-text-editor\" data-id=\"18634ce6\" data-element_type=\"widget\" data-e-type=\"widget\" data-widget_type=\"text-editor.default\">\n\t\t\t\t\t\t\t\t\t<p>M\u00f6chtest du Teil des Teams Venti werden? <br><br>Bei uns dreht sich alles um Gastfreundschaft, Inklusivit\u00e4t und eine tolle Atmosph\u00e4re \u2013 sowohl f\u00fcr unsere G\u00e4ste als auch f\u00fcr unser Team. Schick uns eine E-Mail mit einer kurzen Vorstellung von dir und der Position, f\u00fcr die du dich interessierst. Wir freuen uns darauf, dich kennenzulernen.  <\/p>\t\t\t\t\t\t\t\t<\/div>\n\t\t\t\t<\/div>\n\t\t<div class=\"elementor-element elementor-element-6ae11001 e-con-full e-flex e-con e-child\" data-id=\"6ae11001\" data-element_type=\"container\" data-e-type=\"container\">\n\t\t\t\t<div class=\"elementor-element elementor-element-765bafea elementor-absolute elementor-hidden-mobile elementor-widget elementor-widget-html\" data-id=\"765bafea\" data-element_type=\"widget\" data-e-type=\"widget\" data-settings=\"{&quot;_position&quot;:&quot;absolute&quot;}\" data-widget_type=\"html.default\">\n\t\t\t\t\t<div class=\"oranje-underline\"><\/div>\t\t\t\t<\/div>\n\t\t\t\t<div class=\"elementor-element elementor-element-9ba4c16 elementor-widget elementor-widget-image\" data-id=\"9ba4c16\" data-element_type=\"widget\" data-e-type=\"widget\" data-widget_type=\"image.default\">\n\t\t\t\t\t\t\t\t\t\t\t\t\t\t\t<img decoding=\"async\" width=\"600\" height=\"800\" src=\"https:\/\/ventibeach.nl\/wp-content\/uploads\/2026\/02\/Venti-Beach-werken-personeel.webp\" class=\"attachment-large size-large wp-image-2373\" alt=\"bedienend personeel\" srcset=\"https:\/\/ventibeach.nl\/wp-content\/uploads\/2026\/02\/Venti-Beach-werken-personeel.webp 600w, https:\/\/ventibeach.nl\/wp-content\/uploads\/2026\/02\/Venti-Beach-werken-personeel-225x300.webp 225w\" sizes=\"(max-width: 600px) 100vw, 600px\" \/>\t\t\t\t\t\t\t\t\t\t\t\t\t\t\t<\/div>\n\t\t\t\t<\/div>\n\t\t\t\t\t<\/div>\n\t\t\t\t<\/div>\n\t\t<div class=\"elementor-element elementor-element-b4ea98f e-flex e-con-boxed e-con e-parent\" data-id=\"b4ea98f\" data-element_type=\"container\" data-e-type=\"container\" data-settings=\"{&quot;background_background&quot;:&quot;classic&quot;}\">\n\t\t\t\t\t<div class=\"e-con-inner\">\n\t\t\t\t<div class=\"elementor-element elementor-element-f4d392e elementor-widget elementor-widget-gallery\" data-id=\"f4d392e\" data-element_type=\"widget\" data-e-type=\"widget\" data-settings=\"{&quot;columns&quot;:3,&quot;aspect_ratio&quot;:&quot;4:3&quot;,&quot;lazyload&quot;:&quot;yes&quot;,&quot;gallery_layout&quot;:&quot;grid&quot;,&quot;columns_tablet&quot;:2,&quot;columns_mobile&quot;:1,&quot;gap&quot;:{&quot;unit&quot;:&quot;px&quot;,&quot;size&quot;:10,&quot;sizes&quot;:[]},&quot;gap_tablet&quot;:{&quot;unit&quot;:&quot;px&quot;,&quot;size&quot;:10,&quot;sizes&quot;:[]},&quot;gap_mobile&quot;:{&quot;unit&quot;:&quot;px&quot;,&quot;size&quot;:10,&quot;sizes&quot;:[]},&quot;link_to&quot;:&quot;file&quot;,&quot;overlay_background&quot;:&quot;yes&quot;,&quot;content_hover_animation&quot;:&quot;fade-in&quot;}\" data-widget_type=\"gallery.default\">\n\t\t\t\t\t\t\t<div class=\"elementor-gallery__container\">\n\t\t\t\t\t\t\t<a class=\"e-gallery-item elementor-gallery-item elementor-animated-content\" href=\"https:\/\/ventibeach.nl\/wp-content\/uploads\/2026\/02\/Venti-Beach-uitserveerloket-met-kok.webp\" data-elementor-open-lightbox=\"yes\" data-elementor-lightbox-slideshow=\"f4d392e\" data-elementor-lightbox-title=\"Venti Beach \u2013 Durchreiche mit Koch\" data-e-action-hash=\"#elementor-action%3Aaction%3Dlightbox%26settings%3DeyJpZCI6MjM3NCwidXJsIjoiaHR0cHM6XC9cL3ZlbnRpYmVhY2gubmxcL3dwLWNvbnRlbnRcL3VwbG9hZHNcLzIwMjZcLzAyXC9WZW50aS1CZWFjaC11aXRzZXJ2ZWVybG9rZXQtbWV0LWtvay53ZWJwIiwic2xpZGVzaG93IjoiZjRkMzkyZSJ9\">\n\t\t\t\t\t<div class=\"e-gallery-image elementor-gallery-item__image\" data-thumbnail=\"https:\/\/ventibeach.nl\/wp-content\/uploads\/2026\/02\/Venti-Beach-uitserveerloket-met-kok.webp\" data-width=\"800\" data-height=\"600\" aria-label=\"kok bij uitgifte loket\" role=\"img\" ><\/div>\n\t\t\t\t\t\t\t\t\t\t\t<div class=\"elementor-gallery-item__overlay\"><\/div>\n\t\t\t\t\t\t\t\t\t\t\t\t\t\t<\/a>\n\t\t\t\t\t\t\t<a class=\"e-gallery-item elementor-gallery-item elementor-animated-content\" href=\"https:\/\/ventibeach.nl\/wp-content\/uploads\/2026\/02\/Venti-Beach-portret-van-bediening.webp\" data-elementor-open-lightbox=\"yes\" data-elementor-lightbox-slideshow=\"f4d392e\" data-elementor-lightbox-title=\"Venti Beach \u2013 Portr\u00e4t einer Servicekraft\" data-e-action-hash=\"#elementor-action%3Aaction%3Dlightbox%26settings%3DeyJpZCI6MjM3NSwidXJsIjoiaHR0cHM6XC9cL3ZlbnRpYmVhY2gubmxcL3dwLWNvbnRlbnRcL3VwbG9hZHNcLzIwMjZcLzAyXC9WZW50aS1CZWFjaC1wb3J0cmV0LXZhbi1iZWRpZW5pbmcud2VicCIsInNsaWRlc2hvdyI6ImY0ZDM5MmUifQ%3D%3D\">\n\t\t\t\t\t<div class=\"e-gallery-image elementor-gallery-item__image\" data-thumbnail=\"https:\/\/ventibeach.nl\/wp-content\/uploads\/2026\/02\/Venti-Beach-portret-van-bediening.webp\" data-width=\"800\" data-height=\"600\" aria-label=\"bediening bij de bar\" role=\"img\" ><\/div>\n\t\t\t\t\t\t\t\t\t\t\t<div class=\"elementor-gallery-item__overlay\"><\/div>\n\t\t\t\t\t\t\t\t\t\t\t\t\t\t<\/a>\n\t\t\t\t\t\t\t<a class=\"e-gallery-item elementor-gallery-item elementor-animated-content\" href=\"https:\/\/ventibeach.nl\/wp-content\/uploads\/2026\/02\/Venti-Beach-gastvrouw-in-club.webp\" data-elementor-open-lightbox=\"yes\" data-elementor-lightbox-slideshow=\"f4d392e\" data-elementor-lightbox-title=\"Venti Beach \u2013 Gastgeberin im Club\" data-e-action-hash=\"#elementor-action%3Aaction%3Dlightbox%26settings%3DeyJpZCI6MjM3NiwidXJsIjoiaHR0cHM6XC9cL3ZlbnRpYmVhY2gubmxcL3dwLWNvbnRlbnRcL3VwbG9hZHNcLzIwMjZcLzAyXC9WZW50aS1CZWFjaC1nYXN0dnJvdXctaW4tY2x1Yi53ZWJwIiwic2xpZGVzaG93IjoiZjRkMzkyZSJ9\">\n\t\t\t\t\t<div class=\"e-gallery-image elementor-gallery-item__image\" data-thumbnail=\"https:\/\/ventibeach.nl\/wp-content\/uploads\/2026\/02\/Venti-Beach-gastvrouw-in-club.webp\" data-width=\"800\" data-height=\"600\" aria-label=\"gastvrouw met dienblad\" role=\"img\" ><\/div>\n\t\t\t\t\t\t\t\t\t\t\t<div class=\"elementor-gallery-item__overlay\"><\/div>\n\t\t\t\t\t\t\t\t\t\t\t\t\t\t<\/a>\n\t\t\t\t\t\t\t<a class=\"e-gallery-item elementor-gallery-item elementor-animated-content\" href=\"https:\/\/ventibeach.nl\/wp-content\/uploads\/2026\/02\/Venti-Beach-gastvrouw-aan-de-bar.webp\" data-elementor-open-lightbox=\"yes\" data-elementor-lightbox-slideshow=\"f4d392e\" data-elementor-lightbox-title=\"Venti Beach \u2013 Gastgeberin an der Bar\" data-e-action-hash=\"#elementor-action%3Aaction%3Dlightbox%26settings%3DeyJpZCI6MjM3NywidXJsIjoiaHR0cHM6XC9cL3ZlbnRpYmVhY2gubmxcL3dwLWNvbnRlbnRcL3VwbG9hZHNcLzIwMjZcLzAyXC9WZW50aS1CZWFjaC1nYXN0dnJvdXctYWFuLWRlLWJhci53ZWJwIiwic2xpZGVzaG93IjoiZjRkMzkyZSJ9\">\n\t\t\t\t\t<div class=\"e-gallery-image elementor-gallery-item__image\" data-thumbnail=\"https:\/\/ventibeach.nl\/wp-content\/uploads\/2026\/02\/Venti-Beach-gastvrouw-aan-de-bar.webp\" data-width=\"800\" data-height=\"600\" aria-label=\"gastvrouw met dienblad om uit te serveren\" role=\"img\" ><\/div>\n\t\t\t\t\t\t\t\t\t\t\t<div class=\"elementor-gallery-item__overlay\"><\/div>\n\t\t\t\t\t\t\t\t\t\t\t\t\t\t<\/a>\n\t\t\t\t\t\t\t<a class=\"e-gallery-item elementor-gallery-item elementor-animated-content\" href=\"https:\/\/ventibeach.nl\/wp-content\/uploads\/2026\/02\/Venti-Beach-chef-achter-barbecue.webp\" data-elementor-open-lightbox=\"yes\" data-elementor-lightbox-slideshow=\"f4d392e\" data-elementor-lightbox-title=\"Venti Beach \u2013 Chef am Grill\" data-e-action-hash=\"#elementor-action%3Aaction%3Dlightbox%26settings%3DeyJpZCI6MjM3OCwidXJsIjoiaHR0cHM6XC9cL3ZlbnRpYmVhY2gubmxcL3dwLWNvbnRlbnRcL3VwbG9hZHNcLzIwMjZcLzAyXC9WZW50aS1CZWFjaC1jaGVmLWFjaHRlci1iYXJiZWN1ZS53ZWJwIiwic2xpZGVzaG93IjoiZjRkMzkyZSJ9\">\n\t\t\t\t\t<div class=\"e-gallery-image elementor-gallery-item__image\" data-thumbnail=\"https:\/\/ventibeach.nl\/wp-content\/uploads\/2026\/02\/Venti-Beach-chef-achter-barbecue.webp\" data-width=\"800\" data-height=\"600\" aria-label=\"kok achter de barbecue\" role=\"img\" ><\/div>\n\t\t\t\t\t\t\t\t\t\t\t<div class=\"elementor-gallery-item__overlay\"><\/div>\n\t\t\t\t\t\t\t\t\t\t\t\t\t\t<\/a>\n\t\t\t\t\t\t\t<a class=\"e-gallery-item elementor-gallery-item elementor-animated-content\" href=\"https:\/\/ventibeach.nl\/wp-content\/uploads\/2026\/02\/Venti-Beach-gastheer-draagt-dienblad-met-drankjes.webp\" data-elementor-open-lightbox=\"yes\" data-elementor-lightbox-slideshow=\"f4d392e\" data-elementor-lightbox-title=\"Venti Beach \u2013 Gastgeber tr\u00e4gt Tablett mit Getr\u00e4nken\" data-e-action-hash=\"#elementor-action%3Aaction%3Dlightbox%26settings%3DeyJpZCI6MjM3OSwidXJsIjoiaHR0cHM6XC9cL3ZlbnRpYmVhY2gubmxcL3dwLWNvbnRlbnRcL3VwbG9hZHNcLzIwMjZcLzAyXC9WZW50aS1CZWFjaC1nYXN0aGVlci1kcmFhZ3QtZGllbmJsYWQtbWV0LWRyYW5ramVzLndlYnAiLCJzbGlkZXNob3ciOiJmNGQzOTJlIn0%3D\">\n\t\t\t\t\t<div class=\"e-gallery-image elementor-gallery-item__image\" data-thumbnail=\"https:\/\/ventibeach.nl\/wp-content\/uploads\/2026\/02\/Venti-Beach-gastheer-draagt-dienblad-met-drankjes.webp\" data-width=\"800\" data-height=\"600\" aria-label=\"ober met drankjes op dienblad\" role=\"img\" ><\/div>\n\t\t\t\t\t\t\t\t\t\t\t<div class=\"elementor-gallery-item__overlay\"><\/div>\n\t\t\t\t\t\t\t\t\t\t\t\t\t\t<\/a>\n\t\t\t\t\t<\/div>\n\t\t\t\t\t<\/div>\n\t\t\t\t\t<\/div>\n\t\t\t\t<\/div>\n\t\t\t\t<\/div>\n\t\t","protected":false},"excerpt":{"rendered":"<p>M\u00f6chtest du Teil des Teams Venti werden? Bei uns dreht sich alles um Gastfreundschaft, Inklusivit\u00e4t und eine tolle Atmosph\u00e4re \u2013 sowohl f\u00fcr unsere G\u00e4ste als auch f\u00fcr unser Team. Schick uns eine E-Mail mit einer kurzen Vorstellung von dir und der Position, f\u00fcr die du dich interessierst. Wir freuen uns darauf, dich kennenzulernen.<\/p>\n","protected":false},"author":2,"featured_media":0,"parent":0,"menu_order":0,"comment_status":"closed","ping_status":"closed","template":"","meta":{"footnotes":""},"class_list":["post-2371","page","type-page","status-publish","hentry"],"yoast_head":"<!-- This site is optimized with the Yoast SEO plugin v27.3 - https:\/\/yoast.com\/product\/yoast-seo-wordpress\/ -->\n<title>Arbeiten im Venti Beach Club | Stellenangebote Zandvoort<\/title>\n<meta name=\"description\" content=\"Entdecke Stellenangebote und arbeite am Strand im Venti Beach Club in Zandvoort. Werde Teil eines geselligen und energetischen Teams.\" \/>\n<meta name=\"robots\" content=\"index, follow, max-snippet:-1, max-image-preview:large, max-video-preview:-1\" \/>\n<link rel=\"canonical\" href=\"https:\/\/ventibeach.nl\/de\/arbeiten-bei\/\" \/>\n<meta property=\"og:locale\" content=\"de_DE\" \/>\n<meta property=\"og:type\" content=\"article\" \/>\n<meta property=\"og:title\" content=\"Arbeiten im Venti Beach Club\" \/>\n<meta property=\"og:description\" content=\"Entdecke Stellenangebote und arbeite am Strand im Venti Beach Club in Zandvoort. Werde Teil eines geselligen und energetischen Teams.\" \/>\n<meta property=\"og:url\" content=\"https:\/\/ventibeach.nl\/de\/arbeiten-bei\/\" \/>\n<meta property=\"og:site_name\" content=\"Venti Beach Zandvoort\" \/>\n<meta property=\"article:publisher\" content=\"https:\/\/www.facebook.com\/profile.php?id=61562720565207&amp;locale=nl_NL\" \/>\n<meta property=\"article:modified_time\" content=\"2026-02-23T16:10:46+00:00\" \/>\n<meta property=\"og:image\" content=\"https:\/\/ventibeach.nl\/wp-content\/uploads\/2026\/02\/Logo-Venti-og-300x300.webp\" \/>\n<meta name=\"twitter:card\" content=\"summary_large_image\" \/>\n<meta name=\"twitter:title\" content=\"Arbeiten im Venti Beach Club\" \/>\n<meta name=\"twitter:description\" content=\"Entdecke Stellenangebote und arbeite am Strand im Venti Beach Club in Zandvoort. Werde Teil eines geselligen und energetischen Teams.\" \/>\n<meta name=\"twitter:image\" content=\"https:\/\/ventibeach.nl\/wp-content\/uploads\/2026\/02\/Logo-Venti-og.webp\" \/>\n<script type=\"application\/ld+json\" class=\"yoast-schema-graph\">{\"@context\":\"https:\\\/\\\/schema.org\",\"@graph\":[{\"@type\":\"WebPage\",\"@id\":\"https:\\\/\\\/ventibeach.nl\\\/de\\\/arbeiten-bei\\\/\",\"url\":\"https:\\\/\\\/ventibeach.nl\\\/de\\\/arbeiten-bei\\\/\",\"name\":\"Arbeiten im Venti Beach Club | Stellenangebote Zandvoort\",\"isPartOf\":{\"@id\":\"https:\\\/\\\/ventibeach.nl\\\/de\\\/#website\"},\"primaryImageOfPage\":{\"@id\":\"https:\\\/\\\/ventibeach.nl\\\/de\\\/arbeiten-bei\\\/#primaryimage\"},\"image\":{\"@id\":\"https:\\\/\\\/ventibeach.nl\\\/de\\\/arbeiten-bei\\\/#primaryimage\"},\"thumbnailUrl\":\"https:\\\/\\\/ventibeach.nl\\\/wp-content\\\/uploads\\\/2026\\\/02\\\/Venti-Beach-werken-chef-bbq.webp\",\"datePublished\":\"2026-02-14T16:47:39+00:00\",\"dateModified\":\"2026-02-23T16:10:46+00:00\",\"description\":\"Entdecke Stellenangebote und arbeite am Strand im Venti Beach Club in Zandvoort. Werde Teil eines geselligen und energetischen Teams.\",\"breadcrumb\":{\"@id\":\"https:\\\/\\\/ventibeach.nl\\\/de\\\/arbeiten-bei\\\/#breadcrumb\"},\"inLanguage\":\"de\",\"potentialAction\":[{\"@type\":\"ReadAction\",\"target\":[\"https:\\\/\\\/ventibeach.nl\\\/de\\\/arbeiten-bei\\\/\"]}]},{\"@type\":\"ImageObject\",\"inLanguage\":\"de\",\"@id\":\"https:\\\/\\\/ventibeach.nl\\\/de\\\/arbeiten-bei\\\/#primaryimage\",\"url\":\"https:\\\/\\\/ventibeach.nl\\\/wp-content\\\/uploads\\\/2026\\\/02\\\/Venti-Beach-werken-chef-bbq.webp\",\"contentUrl\":\"https:\\\/\\\/ventibeach.nl\\\/wp-content\\\/uploads\\\/2026\\\/02\\\/Venti-Beach-werken-chef-bbq.webp\"},{\"@type\":\"BreadcrumbList\",\"@id\":\"https:\\\/\\\/ventibeach.nl\\\/de\\\/arbeiten-bei\\\/#breadcrumb\",\"itemListElement\":[{\"@type\":\"ListItem\",\"position\":1,\"name\":\"Home\",\"item\":\"https:\\\/\\\/ventibeach.nl\\\/de\\\/venti-beach-zandvoort-beach-club-strandhaeuser-am-meer\\\/\"},{\"@type\":\"ListItem\",\"position\":2,\"name\":\"Arbeiten bei\"}]},{\"@type\":\"WebSite\",\"@id\":\"https:\\\/\\\/ventibeach.nl\\\/de\\\/#website\",\"url\":\"https:\\\/\\\/ventibeach.nl\\\/de\\\/\",\"name\":\"Venti Beach Zandvoort\",\"description\":\"\",\"publisher\":{\"@id\":\"https:\\\/\\\/ventibeach.nl\\\/de\\\/#organization\"},\"potentialAction\":[{\"@type\":\"SearchAction\",\"target\":{\"@type\":\"EntryPoint\",\"urlTemplate\":\"https:\\\/\\\/ventibeach.nl\\\/de\\\/?s={search_term_string}\"},\"query-input\":{\"@type\":\"PropertyValueSpecification\",\"valueRequired\":true,\"valueName\":\"search_term_string\"}}],\"inLanguage\":\"de\"},{\"@type\":\"Organization\",\"@id\":\"https:\\\/\\\/ventibeach.nl\\\/de\\\/#organization\",\"name\":\"Venti Strand Zandvoort\",\"url\":\"https:\\\/\\\/ventibeach.nl\\\/de\\\/\",\"logo\":{\"@type\":\"ImageObject\",\"inLanguage\":\"de\",\"@id\":\"https:\\\/\\\/ventibeach.nl\\\/de\\\/#\\\/schema\\\/logo\\\/image\\\/\",\"url\":\"https:\\\/\\\/ventibeach.nl\\\/wp-content\\\/uploads\\\/2026\\\/01\\\/logo-venti.svg\",\"contentUrl\":\"https:\\\/\\\/ventibeach.nl\\\/wp-content\\\/uploads\\\/2026\\\/01\\\/logo-venti.svg\",\"width\":493,\"height\":113,\"caption\":\"Venti Strand Zandvoort\"},\"image\":{\"@id\":\"https:\\\/\\\/ventibeach.nl\\\/de\\\/#\\\/schema\\\/logo\\\/image\\\/\"},\"sameAs\":[\"https:\\\/\\\/www.facebook.com\\\/profile.php?id=61562720565207&locale=nl_NL\",\"https:\\\/\\\/www.instagram.com\\\/ventibeach\\\/\",\"https:\\\/\\\/www.tiktok.com\\\/@ventibeach\",\"https:\\\/\\\/www.linkedin.com\\\/company\\\/venti-beach-huisjes\\\/\"]}]}<\/script>\n<!-- \/ Yoast SEO plugin. -->","yoast_head_json":{"title":"Arbeiten im Venti Beach Club | Stellenangebote Zandvoort","description":"Entdecke Stellenangebote und arbeite am Strand im Venti Beach Club in Zandvoort. Werde Teil eines geselligen und energetischen Teams.","robots":{"index":"index","follow":"follow","max-snippet":"max-snippet:-1","max-image-preview":"max-image-preview:large","max-video-preview":"max-video-preview:-1"},"canonical":"https:\/\/ventibeach.nl\/de\/arbeiten-bei\/","og_locale":"de_DE","og_type":"article","og_title":"Arbeiten im Venti Beach Club","og_description":"Entdecke Stellenangebote und arbeite am Strand im Venti Beach Club in Zandvoort. Werde Teil eines geselligen und energetischen Teams.","og_url":"https:\/\/ventibeach.nl\/de\/arbeiten-bei\/","og_site_name":"Venti Beach Zandvoort","article_publisher":"https:\/\/www.facebook.com\/profile.php?id=61562720565207&locale=nl_NL","article_modified_time":"2026-02-23T16:10:46+00:00","og_image":[{"url":"https:\/\/ventibeach.nl\/wp-content\/uploads\/2026\/02\/Logo-Venti-og-300x300.webp","type":"","width":"","height":""}],"twitter_card":"summary_large_image","twitter_title":"Arbeiten im Venti Beach Club","twitter_description":"Entdecke Stellenangebote und arbeite am Strand im Venti Beach Club in Zandvoort. Werde Teil eines geselligen und energetischen Teams.","twitter_image":"https:\/\/ventibeach.nl\/wp-content\/uploads\/2026\/02\/Logo-Venti-og.webp","schema":{"@context":"https:\/\/schema.org","@graph":[{"@type":"WebPage","@id":"https:\/\/ventibeach.nl\/de\/arbeiten-bei\/","url":"https:\/\/ventibeach.nl\/de\/arbeiten-bei\/","name":"Arbeiten im Venti Beach Club | Stellenangebote Zandvoort","isPartOf":{"@id":"https:\/\/ventibeach.nl\/de\/#website"},"primaryImageOfPage":{"@id":"https:\/\/ventibeach.nl\/de\/arbeiten-bei\/#primaryimage"},"image":{"@id":"https:\/\/ventibeach.nl\/de\/arbeiten-bei\/#primaryimage"},"thumbnailUrl":"https:\/\/ventibeach.nl\/wp-content\/uploads\/2026\/02\/Venti-Beach-werken-chef-bbq.webp","datePublished":"2026-02-14T16:47:39+00:00","dateModified":"2026-02-23T16:10:46+00:00","description":"Entdecke Stellenangebote und arbeite am Strand im Venti Beach Club in Zandvoort. Werde Teil eines geselligen und energetischen Teams.","breadcrumb":{"@id":"https:\/\/ventibeach.nl\/de\/arbeiten-bei\/#breadcrumb"},"inLanguage":"de","potentialAction":[{"@type":"ReadAction","target":["https:\/\/ventibeach.nl\/de\/arbeiten-bei\/"]}]},{"@type":"ImageObject","inLanguage":"de","@id":"https:\/\/ventibeach.nl\/de\/arbeiten-bei\/#primaryimage","url":"https:\/\/ventibeach.nl\/wp-content\/uploads\/2026\/02\/Venti-Beach-werken-chef-bbq.webp","contentUrl":"https:\/\/ventibeach.nl\/wp-content\/uploads\/2026\/02\/Venti-Beach-werken-chef-bbq.webp"},{"@type":"BreadcrumbList","@id":"https:\/\/ventibeach.nl\/de\/arbeiten-bei\/#breadcrumb","itemListElement":[{"@type":"ListItem","position":1,"name":"Home","item":"https:\/\/ventibeach.nl\/de\/venti-beach-zandvoort-beach-club-strandhaeuser-am-meer\/"},{"@type":"ListItem","position":2,"name":"Arbeiten bei"}]},{"@type":"WebSite","@id":"https:\/\/ventibeach.nl\/de\/#website","url":"https:\/\/ventibeach.nl\/de\/","name":"Venti Beach Zandvoort","description":"","publisher":{"@id":"https:\/\/ventibeach.nl\/de\/#organization"},"potentialAction":[{"@type":"SearchAction","target":{"@type":"EntryPoint","urlTemplate":"https:\/\/ventibeach.nl\/de\/?s={search_term_string}"},"query-input":{"@type":"PropertyValueSpecification","valueRequired":true,"valueName":"search_term_string"}}],"inLanguage":"de"},{"@type":"Organization","@id":"https:\/\/ventibeach.nl\/de\/#organization","name":"Venti Strand Zandvoort","url":"https:\/\/ventibeach.nl\/de\/","logo":{"@type":"ImageObject","inLanguage":"de","@id":"https:\/\/ventibeach.nl\/de\/#\/schema\/logo\/image\/","url":"https:\/\/ventibeach.nl\/wp-content\/uploads\/2026\/01\/logo-venti.svg","contentUrl":"https:\/\/ventibeach.nl\/wp-content\/uploads\/2026\/01\/logo-venti.svg","width":493,"height":113,"caption":"Venti Strand Zandvoort"},"image":{"@id":"https:\/\/ventibeach.nl\/de\/#\/schema\/logo\/image\/"},"sameAs":["https:\/\/www.facebook.com\/profile.php?id=61562720565207&locale=nl_NL","https:\/\/www.instagram.com\/ventibeach\/","https:\/\/www.tiktok.com\/@ventibeach","https:\/\/www.linkedin.com\/company\/venti-beach-huisjes\/"]}]}},"_links":{"self":[{"href":"https:\/\/ventibeach.nl\/de\/wp-json\/wp\/v2\/pages\/2371","targetHints":{"allow":["GET"]}}],"collection":[{"href":"https:\/\/ventibeach.nl\/de\/wp-json\/wp\/v2\/pages"}],"about":[{"href":"https:\/\/ventibeach.nl\/de\/wp-json\/wp\/v2\/types\/page"}],"author":[{"embeddable":true,"href":"https:\/\/ventibeach.nl\/de\/wp-json\/wp\/v2\/users\/2"}],"replies":[{"embeddable":true,"href":"https:\/\/ventibeach.nl\/de\/wp-json\/wp\/v2\/comments?post=2371"}],"version-history":[{"count":0,"href":"https:\/\/ventibeach.nl\/de\/wp-json\/wp\/v2\/pages\/2371\/revisions"}],"wp:attachment":[{"href":"https:\/\/ventibeach.nl\/de\/wp-json\/wp\/v2\/media?parent=2371"}],"curies":[{"name":"wp","href":"https:\/\/api.w.org\/{rel}","templated":true}]}}